{"id":219,"date":"2026-03-18T12:55:47","date_gmt":"2026-03-18T12:55:47","guid":{"rendered":"https:\/\/dlsphysiodynamic.es\/?page_id=219"},"modified":"2026-03-23T11:17:18","modified_gmt":"2026-03-23T11:17:18","slug":"politica-privacidad","status":"publish","type":"page","link":"https:\/\/dlsphysiodynamic.es\/en\/politica-privacidad\/","title":{"rendered":"POLITICA PRIVACIDAD"},"content":{"rendered":"<p>[et_pb_section fb_built=\u00bb1&#8243; admin_label=\u00bbServices\u00bb _builder_version=\u00bb4.16&#8243; _module_preset=\u00bbdefault\u00bb global_colors_info=\u00bb{}\u00bb][et_pb_row _builder_version=\u00bb4.16&#8243; _module_preset=\u00bbdefault\u00bb global_colors_info=\u00bb{}\u00bb][et_pb_column type=\u00bb4_4&#8243; _builder_version=\u00bb4.16&#8243; _module_preset=\u00bbdefault\u00bb global_colors_info=\u00bb{}\u00bb][et_pb_text _builder_version=\u00bb4.27.5&#8243; _module_preset=\u00bbe598b17a-9229-42f6-b238-019d6094332e\u00bb header_font=\u00bb|700|||||||\u00bb header_text_align=\u00bbcenter\u00bb header_text_color=\u00bb#1698F8&#8243; header_font_size=\u00bb80px\u00bb header_line_height=\u00bb1.1em\u00bb header_font_size_tablet=\u00bb40px\u00bb header_font_size_phone=\u00bb24px\u00bb header_font_size_last_edited=\u00bbon|desktop\u00bb global_colors_info=\u00bb{}\u00bb]<\/p>\n<h1>Pol\u00edtica de privacidad<\/h1>\n<p>[\/et_pb_text][\/et_pb_column][\/et_pb_row][et_pb_row _builder_version=\u00bb4.27.5&#8243; _module_preset=\u00bbdefault\u00bb global_colors_info=\u00bb{}\u00bb][et_pb_column type=\u00bb4_4&#8243; _builder_version=\u00bb4.27.5&#8243; _module_preset=\u00bbdefault\u00bb global_colors_info=\u00bb{}\u00bb][et_pb_text _builder_version=\u00bb4.27.5&#8243; _module_preset=\u00bbdefault\u00bb hover_enabled=\u00bb0&#8243; global_colors_info=\u00bb{}\u00bb sticky_enabled=\u00bb0&#8243;]<\/p>\n<p><strong>Protecci\u00f3n de Datos: pacientes mayores de edad<\/strong><\/p>\n<p>De conformidad con la Ley Org\u00e1nica 3\/2018, de 5 de diciembre, de Protecci\u00f3n de Datos Personales y Garant\u00eda de los Derechos Digitales relativo a la Protecci\u00f3n de las Personas f\u00edsicas, y conforme a disposiciones reglamentarias reflejadas en el Reglamento (UE) 2016\/679 del Parlamento Europeo y del Consejo, de 27 de abril de 2016, le informamos que sus datos personales ser\u00e1n tratados por <strong>DIEGO DE LUIS SALAZAR<\/strong> con la finalidad de gestionar y prestar correctamente los servicios de fisioterapia contratados por usted. Para ello, Ud. nos autoriza expresamente al tratamiento de sus datos de salud.<\/p>\n<p>Le informamos que para la realizaci\u00f3n de estas gestiones es necesario que sus datos sean cedidos a Organismos y Administraciones p\u00fablicas y a las entidades sanitarias y aseguradoras que corresponda y, si es el caso, a las entidades bancarias necesarias para la gesti\u00f3n del servicio contratado.<\/p>\n<p>Igualmente, le informamos que sus datos ser\u00e1n conservados mientras se mantenga la relaci\u00f3n asistencial o durante los plazos establecidos por la legislaci\u00f3n auton\u00f3mica.<\/p>\n<p>Ud. puede ejercer sus derechos de acceso, rectificaci\u00f3n, cancelaci\u00f3n, oposici\u00f3n, portabilidad y limitaci\u00f3n del tratamiento de sus datos dirigi\u00e9ndose a <strong>DIEGO DE LUIS SALAZAR<\/strong>, Avenida de la Naval 12; 4\u00ba-IZ ; 39200 Reinosa (Cantabria) o a <span><a href=\"mailto:diegodeluissalazar@gmail.com\">diegodeluissalazar@gmail.com<\/a> <\/span>acompa\u00f1ando copia de su DNI acreditando debidamente su identidad. En cualquier situaci\u00f3n, Ud. tiene derecho a presentar una reclamaci\u00f3n ante la Agencia Espa\u00f1ola de Protecci\u00f3n de Datos (AEPD).<\/p>\n<p>[\/et_pb_text][et_pb_text _builder_version=\u00bb4.27.5&#8243; _module_preset=\u00bbdefault\u00bb hover_enabled=\u00bb0&#8243; global_colors_info=\u00bb{}\u00bb sticky_enabled=\u00bb0&#8243;]<\/p>\n<p><strong>Protecci\u00f3n de Datos: pacientes menores de edad<\/strong><\/p>\n<p>De conformidad con la Ley Org\u00e1nica 3\/2018, de 5 de diciembre, de Protecci\u00f3n de Datos Personales y Garant\u00eda de los Derechos Digitales relativo a la Protecci\u00f3n de las Personas f\u00edsicas, y conforme a disposiciones reglamentarias reflejadas en el Reglamento (UE) 2016\/679 del Parlamento Europeo y del Consejo, de 27 de abril de 2016, le informamos que sus datos y los datos personales del menor de edad, por usted representado, ser\u00e1n tratados por <strong>DIEGO DE LUIS SALAZAR<\/strong> con la finalidad de gestionar y prestar correctamente los servicios de fisioterapia contratados por usted para el menor por usted representado. Para ello, Ud. nos autoriza expresamente al tratamiento de sus datos de salud.<\/p>\n<p>Le informamos que para la realizaci\u00f3n de estas gestiones es necesario que sus datos sean cedidos a Organismos y Administraciones p\u00fablicas y a las entidades sanitarias y aseguradoras que corresponda y, si es el caso, a las entidades bancarias necesarias para la gesti\u00f3n del servicio contratado.<\/p>\n<p>Igualmente, le informamos que sus datos ser\u00e1n conservados mientras se mantenga la relaci\u00f3n asistencial o durante los plazos establecidos por la legislaci\u00f3n auton\u00f3mica.<\/p>\n<p>Ud. puede ejercer sus derechos de acceso, rectificaci\u00f3n, cancelaci\u00f3n, oposici\u00f3n, portabilidad y limitaci\u00f3n del tratamiento de sus datos dirigi\u00e9ndose a <strong>DIEGO DE LUIS SALAZAR<\/strong>, Avenida de la Naval 12; 4\u00ba-IZ ; 39200 Reinosa (Cantabria) o a <span><a href=\"mailto:diegodeluissalazar@gmail.com\">diegodeluissalazar@gmail.com<\/a><\/span> acompa\u00f1ando copia de su DNI acreditando debidamente su identidad. En cualquier situaci\u00f3n, Ud. tiene derecho a presentar una reclamaci\u00f3n ante la Agencia Espa\u00f1ola de Protecci\u00f3n de Datos (AEPD).<\/p>\n<p>[\/et_pb_text][et_pb_text _builder_version=\u00bb4.27.5&#8243; _module_preset=\u00bbdefault\u00bb hover_enabled=\u00bb0&#8243; global_colors_info=\u00bb{}\u00bb sticky_enabled=\u00bb0&#8243;]<\/p>\n<p>De conformidad con el RGPD y de la LOPD-GDD, le informamos que los datos personales que figuran en este documento son tratados por <strong>DIEGO DE LUIS SALAZAR<\/strong> con la finalidad de cumplir con la prestaci\u00f3n de servicios y las obligaciones legales al respecto. Dichos datos son tratados de manera confidencial, cumpliendo con las medidas de seguridad establecidas en materia de protecci\u00f3n de datos. Como titular de los datos, usted podr\u00e1 ejercitar los derechos que le reconoce la normativa aplicable al efecto, ejerciendo los mismos ante <strong>DIEGO DE LUIS SALAZAR<\/strong><strong>, <\/strong>Avda De La Naval 12, 4\u00ba-Iz, 39200 Reinosa (Cantabria), o a <a href=\"mailto:diegodeluissalazar@gmail.com\">diegodeluissalazar@gmail.com<\/a>.<\/p>\n<div class=\"et-pb-draggable-spacing et-pb-draggable-spacing__sizing et-pb-draggable-spacing__height et-pb-draggable-spacing__top et-pb-draggable-spacing--animated\"><\/div>\n<div class=\"et-pb-draggable-spacing__top et-pb-draggable-spacing__tooltip\"><\/div>\n<div class=\"et-pb-draggable-spacing et-pb-draggable-spacing__sizing et-pb-draggable-spacing__height et-pb-draggable-spacing__bottom et-pb-draggable-spacing--animated\"><\/div>\n<div class=\"et-pb-draggable-spacing__bottom et-pb-draggable-spacing__tooltip\"><\/div>\n<div class=\"et-pb-draggable-spacing et-pb-draggable-spacing__sizing et-pb-draggable-spacing__width et-pb-draggable-spacing__left et-pb-draggable-spacing--animated\"><\/div>\n<div class=\"et-pb-draggable-spacing__left et-pb-draggable-spacing__tooltip\"><\/div>\n<div class=\"et-pb-draggable-spacing et-pb-draggable-spacing__sizing et-pb-draggable-spacing__width et-pb-draggable-spacing__right et-pb-draggable-spacing--animated\"><\/div>\n<div class=\"et-pb-draggable-spacing__right et-pb-draggable-spacing__tooltip\"><\/div>\n<div class=\"et-pb-draggable-spacing et-pb-draggable-spacing__spacing et-pb-draggable-spacing__top et-pb-draggable-spacing__padding et-pb-draggable-spacing--animated et-pb-draggable-spacing--no-size\" style=\"height: 0px;\">\n<div class=\"et-pb-draggable-spacing__hint\"><\/div>\n<\/div>\n<div class=\"et-pb-draggable-spacing et-pb-draggable-spacing__spacing et-pb-draggable-spacing__bottom et-pb-draggable-spacing__padding et-pb-draggable-spacing--animated et-pb-draggable-spacing--no-size\" style=\"height: 0px;\">\n<div class=\"et-pb-draggable-spacing__hint\"><\/div>\n<\/div>\n<div class=\"et-pb-draggable-spacing et-pb-draggable-spacing__spacing et-pb-draggable-spacing__right et-pb-draggable-spacing__padding et-pb-draggable-spacing--animated et-pb-draggable-spacing--no-size\" style=\"width: 0px;\">\n<div class=\"et-pb-draggable-spacing__hint\"><\/div>\n<\/div>\n<div class=\"et-pb-draggable-spacing et-pb-draggable-spacing__spacing et-pb-draggable-spacing__left et-pb-draggable-spacing__padding et-pb-draggable-spacing--animated et-pb-draggable-spacing--no-size\" style=\"width: 0px;\">\n<div class=\"et-pb-draggable-spacing__hint\"><\/div>\n<\/div>\n<div class=\"et-pb-draggable-spacing et-pb-draggable-spacing__spacing et-pb-draggable-spacing__top et-pb-draggable-spacing__margin et-pb-draggable-spacing__inner et-pb-draggable-spacing--hovered et-pb-draggable-spacing--draggable-edge et-pb-draggable-spacing--animated et-pb-draggable-spacing--no-size\" style=\"height: 0px;\">\n<div class=\"et-pb-draggable-spacing__hint\"><\/div>\n<\/div>\n<div style=\"width: 15px;\" class=\"et-pb-draggable-spacing et-pb-draggable-spacing__spacing et-pb-draggable-spacing__right et-pb-draggable-spacing__margin et-pb-draggable-spacing__inner et-pb-draggable-spacing--draggable-edge et-pb-draggable-spacing--animated\">\n<div class=\"et-pb-draggable-spacing__hint\"><\/div>\n<\/div>\n<div class=\"et-pb-draggable-spacing et-pb-draggable-spacing__spacing et-pb-draggable-spacing__bottom et-pb-draggable-spacing__margin et-pb-draggable-spacing__inner et-pb-draggable-spacing--draggable-edge et-pb-draggable-spacing--animated\" style=\"height: 15px;\">\n<div class=\"et-pb-draggable-spacing__hint\"><\/div>\n<\/div>\n<p>&nbsp;<\/p>\n<p>[\/et_pb_text][et_pb_text _builder_version=\u00bb4.27.5&#8243; _module_preset=\u00bbdefault\u00bb hover_enabled=\u00bb0&#8243; global_colors_info=\u00bb{}\u00bb sticky_enabled=\u00bb0&#8243; custom_margin=\u00bb-7px||15px|||\u00bb custom_padding=\u00bb0px|||||\u00bb]<\/p>\n<p>Sus datos personales ser\u00e1n tratados por <strong>DIEGO DE LUIS SALAZAR<\/strong> para mantener la relaci\u00f3n mercantil con Ud. o su empresa y ser\u00e1n\u00a0cedidos a la Administraci\u00f3n P\u00fablica correspondiente y a las entidades bancarias con las que trabajamos. Este tratamiento es necesario para mantener dicha relaci\u00f3n mercantil y para la satisfacci\u00f3n de los intereses leg\u00edtimos perseguidos por ambas partes. Conservaremos sus datos durante los plazos establecidos por la legislaci\u00f3n fiscal, <strong>DIEGO DE LUIS SALAZAR<\/strong> le garantiza el ejercicio de los derechos de acceso, rectificaci\u00f3n, supresi\u00f3n, cancelaci\u00f3n, oposici\u00f3n, portabilidad y limitaci\u00f3n del tratamiento de sus datos,\u00a0dirigi\u00e9ndose a la direcci\u00f3n arriba indicada, o a <a href=\"mailto:diegodeluissalazar@gmail.com\">diegodeluissalazar@gmail.com<\/a>, acompa\u00f1ando copia de su DNI. En cualquier situaci\u00f3n, tiene derecho a presentar una reclamaci\u00f3n ante la Agencia Espa\u00f1ola de Protecci\u00f3n de Datos.<\/p>\n<p>&nbsp;<\/p>\n<p>[\/et_pb_text][et_pb_text _builder_version=\u00bb4.27.5&#8243; _module_preset=\u00bbdefault\u00bb hover_enabled=\u00bb0&#8243; global_colors_info=\u00bb{}\u00bb sticky_enabled=\u00bb0&#8243;]<\/p>\n<p>De conformidad con el RGPD y de la LOPD-GDD, le informamos que los datos personales que Usted nos ha proporcionado ser\u00e1n tratados por <strong>DIEGO DE LUIS SALAZAR<\/strong> con la finalidad de gestionar y enviarle el presente presupuesto. Sus datos no ser\u00e1n comunicados a terceras personas o entidades. La base que legitima el tratamiento de sus datos es su consentimiento dado al facilitarnos sus datos con la finalidad descrita. Sus datos ser\u00e1n conservados hasta que Usted revoque su consentimiento o se oponga al tratamiento de sus datos o, en caso de contrataci\u00f3n, mientras se mantengan sus relaciones con nuestra empresa y durante los plazos marcados por la legislaci\u00f3n vigente. Usted puede ejercer sus derechos de acceso, rectificaci\u00f3n, supresi\u00f3n, portabilidad y limitaci\u00f3n del tratamiento de sus datos, dirigi\u00e9ndose a <strong>DIEGO DE LUIS SALAZAR<\/strong><strong>, <\/strong>Avda De La Naval 12, 4\u00ba-Iz, 39200, Reinosa (Cantabria), o a <a href=\"mailto:diegodeluissalazar@gmail.com\">diegodeluissalazar@gmail.com<\/a>, aportando documentaci\u00f3n que acredite debidamente su identidad. En cualquier situaci\u00f3n, Usted tiene derecho a presentar una reclamaci\u00f3n ante la Agencia Espa\u00f1ola de Protecci\u00f3n de Datos (AEPD).<\/p>\n<p>[\/et_pb_text][et_pb_text _builder_version=\u00bb4.27.5&#8243; _module_preset=\u00bbdefault\u00bb hover_enabled=\u00bb0&#8243; global_colors_info=\u00bb{}\u00bb sticky_enabled=\u00bb0&#8243;]<\/p>\n<p><strong>AVISO: <\/strong>Este mensaje y sus archivos adjuntos son confidenciales y \u00fanicamente podr\u00e1n ser usados por la persona o entidad a la que van dirigidos. Este mensaje puede contener informaci\u00f3n confidencial o legalmente protegida. No hay renuncia a la confidencialidad o secreto profesional por cualquier transmisi\u00f3n defectuosa o err\u00f3nea. Si usted ha recibido este mensaje por error notif\u00edqueselo inmediatamente al remitente.<\/p>\n<p>De conformidad con el <strong>RGPD<\/strong> y de la <strong>LOPD-GDD<\/strong>, le informamos que sus datos personales son tratados por <strong>DIEGO DE LUIS SALAZAR<\/strong> con la finalidad de gestionar y mantener las relaciones profesionales que nos unen con Usted. Sus datos podr\u00e1n ser cedidos a las entidades y administraciones p\u00fablicas necesarias para la realizaci\u00f3n de dicha gesti\u00f3n. Este tratamiento de datos es necesario para mantener dicha relaci\u00f3n profesional. Los datos se eliminar\u00e1n cuando finalicen los plazos de prescripci\u00f3n marcados por la ley, conserv\u00e1ndose \u00fanicamente para atender posibles reclamaciones. Ud. puede ejercer sus derechos de acceso, rectificaci\u00f3n, supresi\u00f3n, oposici\u00f3n, portabilidad y limitaci\u00f3n del tratamiento de sus datos dirigi\u00e9ndose a <strong>DIEGO DE LUIS SALAZAR<\/strong><strong>, <\/strong>Avda De La Naval 12, 4\u00ba-Iz, 39200 Reinosa (Cantabria), o a <a href=\"mailto:diegodeluissalazar@gmail.com\">diegodeluissalazar@gmail.com<\/a>, acompa\u00f1ando copia de su DNI acreditando debidamente su identidad. En cualquier situaci\u00f3n, Ud. tiene derecho a presentar una reclamaci\u00f3n ante la Agencia Espa\u00f1ola de Protecci\u00f3n de Datos (AEPD).<\/p>\n<p><strong>\u00a0<\/strong><\/p>\n<p>[\/et_pb_text][\/et_pb_column][\/et_pb_row][\/et_pb_section][et_pb_section fb_built=\u00bb1&#8243; admin_label=\u00bbFeatures\u00bb _builder_version=\u00bb4.16&#8243; _module_preset=\u00bbdefault\u00bb background_enable_color=\u00bboff\u00bb use_background_color_gradient=\u00bbon\u00bb background_color_gradient_direction=\u00bb275deg\u00bb background_color_gradient_stops=\u00bb#99d2ff 0%|#0f9bff 100%\u00bb background_color_gradient_start=\u00bb#99d2ff\u00bb background_color_gradient_end=\u00bb#0f9bff\u00bb background_image=\u00bbhttps:\/\/dlsphysiodynamic.es\/wp-content\/uploads\/2026\/03\/nursing-home_48-1.png\u00bb background_size=\u00bbcontain\u00bb background_position=\u00bbtop_center\u00bb custom_margin=\u00bb||||false|false\u00bb custom_padding=\u00bb3vw||3vw||true|false\u00bb background_last_edited=\u00bboff|desktop\u00bb background_enable_image_tablet=\u00bboff\u00bb background_size_tablet=\u00bbinitial\u00bb locked=\u00bboff\u00bb global_colors_info=\u00bb{}\u00bb][et_pb_row _builder_version=\u00bb4.16&#8243; _module_preset=\u00bbdefault\u00bb custom_margin=\u00bb-2px|auto||auto||\u00bb global_colors_info=\u00bb{}\u00bb][et_pb_column type=\u00bb4_4&#8243; _builder_version=\u00bb4.16&#8243; _module_preset=\u00bbdefault\u00bb global_colors_info=\u00bb{}\u00bb][et_pb_image src=\u00bbhttps:\/\/dlsphysiodynamic.es\/wp-content\/uploads\/2026\/03\/logo-dlsphysiodinamic.jpg\u00bb title_text=\u00bblogo-dlsphysiodinamic\u00bb align=\u00bbcenter\u00bb _builder_version=\u00bb4.27.5&#8243; _module_preset=\u00bbdefault\u00bb global_colors_info=\u00bb{}\u00bb][\/et_pb_image][\/et_pb_column][\/et_pb_row][\/et_pb_section]<\/p>\n","protected":false},"excerpt":{"rendered":"<p>Pol\u00edtica de privacidadProtecci\u00f3n de Datos: pacientes mayores de edad De conformidad con la Ley Org\u00e1nica 3\/2018, de 5 de diciembre, de Protecci\u00f3n de Datos Personales y Garant\u00eda de los Derechos Digitales relativo a la Protecci\u00f3n de las Personas f\u00edsicas, y conforme a disposiciones reglamentarias reflejadas en el Reglamento (UE) 2016\/679 del Parlamento Europeo y del [&hellip;]<\/p>\n","protected":false},"author":1,"featured_media":0,"parent":0,"menu_order":0,"comment_status":"closed","ping_status":"closed","template":"","meta":{"_et_pb_use_builder":"on","_et_pb_old_content":"","_et_gb_content_width":"","_monsterinsights_skip_tracking":false,"_monsterinsights_sitenote_active":false,"_monsterinsights_sitenote_note":"","_monsterinsights_sitenote_category":0,"footnotes":""},"class_list":["post-219","page","type-page","status-publish","hentry"],"yoast_head":"<!-- This site is optimized with the Yoast SEO plugin v27.2 - https:\/\/yoast.com\/product\/yoast-seo-wordpress\/ -->\n<title>POLITICA PRIVACIDAD - DLS PHYSIODYNAMIC<\/title>\n<meta name=\"robots\" content=\"index, follow, max-snippet:-1, max-image-preview:large, max-video-preview:-1\" \/>\n<link rel=\"canonical\" href=\"https:\/\/dlsphysiodynamic.es\/en\/politica-privacidad\/\" \/>\n<meta property=\"og:locale\" content=\"en_GB\" \/>\n<meta property=\"og:type\" content=\"article\" \/>\n<meta property=\"og:title\" content=\"POLITICA PRIVACIDAD - DLS PHYSIODYNAMIC\" \/>\n<meta property=\"og:description\" content=\"Pol\u00edtica de privacidadProtecci\u00f3n de Datos: pacientes mayores de edad De conformidad con la Ley Org\u00e1nica 3\/2018, de 5 de diciembre, de Protecci\u00f3n de Datos Personales y Garant\u00eda de los Derechos Digitales relativo a la Protecci\u00f3n de las Personas f\u00edsicas, y conforme a disposiciones reglamentarias reflejadas en el Reglamento (UE) 2016\/679 del Parlamento Europeo y del [&hellip;]\" \/>\n<meta property=\"og:url\" content=\"https:\/\/dlsphysiodynamic.es\/en\/politica-privacidad\/\" \/>\n<meta property=\"og:site_name\" content=\"DLS PHYSIODYNAMIC\" \/>\n<meta property=\"article:modified_time\" content=\"2026-03-23T11:17:18+00:00\" \/>\n<meta name=\"twitter:card\" content=\"summary_large_image\" \/>\n<meta name=\"twitter:label1\" content=\"Estimated reading time\" \/>\n\t<meta name=\"twitter:data1\" content=\"3 minutes\" \/>\n<script type=\"application\/ld+json\" class=\"yoast-schema-graph\">{\"@context\":\"https:\/\/schema.org\",\"@graph\":[{\"@type\":\"WebPage\",\"@id\":\"https:\/\/dlsphysiodynamic.es\/politica-privacidad\/\",\"url\":\"https:\/\/dlsphysiodynamic.es\/politica-privacidad\/\",\"name\":\"POLITICA PRIVACIDAD - DLS PHYSIODYNAMIC\",\"isPartOf\":{\"@id\":\"https:\/\/dlsphysiodynamic.es\/#website\"},\"datePublished\":\"2026-03-18T12:55:47+00:00\",\"dateModified\":\"2026-03-23T11:17:18+00:00\",\"breadcrumb\":{\"@id\":\"https:\/\/dlsphysiodynamic.es\/politica-privacidad\/#breadcrumb\"},\"inLanguage\":\"en-GB\",\"potentialAction\":[{\"@type\":\"ReadAction\",\"target\":[\"https:\/\/dlsphysiodynamic.es\/politica-privacidad\/\"]}]},{\"@type\":\"BreadcrumbList\",\"@id\":\"https:\/\/dlsphysiodynamic.es\/politica-privacidad\/#breadcrumb\",\"itemListElement\":[{\"@type\":\"ListItem\",\"position\":1,\"name\":\"Portada\",\"item\":\"https:\/\/dlsphysiodynamic.es\/\"},{\"@type\":\"ListItem\",\"position\":2,\"name\":\"POLITICA PRIVACIDAD\"}]},{\"@type\":\"WebSite\",\"@id\":\"https:\/\/dlsphysiodynamic.es\/#website\",\"url\":\"https:\/\/dlsphysiodynamic.es\/\",\"name\":\"DLS PHYSIODYNAMIC\",\"description\":\"Fisioterapia deportiva avanzada y recuperaci\u00f3n de lesiones.\",\"potentialAction\":[{\"@type\":\"SearchAction\",\"target\":{\"@type\":\"EntryPoint\",\"urlTemplate\":\"https:\/\/dlsphysiodynamic.es\/?s={search_term_string}\"},\"query-input\":{\"@type\":\"PropertyValueSpecification\",\"valueRequired\":true,\"valueName\":\"search_term_string\"}}],\"inLanguage\":\"en-GB\"}]}<\/script>\n<!-- \/ Yoast SEO plugin. -->","yoast_head_json":{"title":"POLITICA PRIVACIDAD - DLS PHYSIODYNAMIC","robots":{"index":"index","follow":"follow","max-snippet":"max-snippet:-1","max-image-preview":"max-image-preview:large","max-video-preview":"max-video-preview:-1"},"canonical":"https:\/\/dlsphysiodynamic.es\/en\/politica-privacidad\/","og_locale":"en_GB","og_type":"article","og_title":"POLITICA PRIVACIDAD - DLS PHYSIODYNAMIC","og_description":"Pol\u00edtica de privacidadProtecci\u00f3n de Datos: pacientes mayores de edad De conformidad con la Ley Org\u00e1nica 3\/2018, de 5 de diciembre, de Protecci\u00f3n de Datos Personales y Garant\u00eda de los Derechos Digitales relativo a la Protecci\u00f3n de las Personas f\u00edsicas, y conforme a disposiciones reglamentarias reflejadas en el Reglamento (UE) 2016\/679 del Parlamento Europeo y del [&hellip;]","og_url":"https:\/\/dlsphysiodynamic.es\/en\/politica-privacidad\/","og_site_name":"DLS PHYSIODYNAMIC","article_modified_time":"2026-03-23T11:17:18+00:00","twitter_card":"summary_large_image","twitter_misc":{"Estimated reading time":"3 minutes"},"schema":{"@context":"https:\/\/schema.org","@graph":[{"@type":"WebPage","@id":"https:\/\/dlsphysiodynamic.es\/politica-privacidad\/","url":"https:\/\/dlsphysiodynamic.es\/politica-privacidad\/","name":"POLITICA PRIVACIDAD - DLS PHYSIODYNAMIC","isPartOf":{"@id":"https:\/\/dlsphysiodynamic.es\/#website"},"datePublished":"2026-03-18T12:55:47+00:00","dateModified":"2026-03-23T11:17:18+00:00","breadcrumb":{"@id":"https:\/\/dlsphysiodynamic.es\/politica-privacidad\/#breadcrumb"},"inLanguage":"en-GB","potentialAction":[{"@type":"ReadAction","target":["https:\/\/dlsphysiodynamic.es\/politica-privacidad\/"]}]},{"@type":"BreadcrumbList","@id":"https:\/\/dlsphysiodynamic.es\/politica-privacidad\/#breadcrumb","itemListElement":[{"@type":"ListItem","position":1,"name":"Portada","item":"https:\/\/dlsphysiodynamic.es\/"},{"@type":"ListItem","position":2,"name":"POLITICA PRIVACIDAD"}]},{"@type":"WebSite","@id":"https:\/\/dlsphysiodynamic.es\/#website","url":"https:\/\/dlsphysiodynamic.es\/","name":"DLS PHYSIODYNAMIC","description":"Fisioterapia deportiva avanzada y recuperaci\u00f3n de lesiones.","potentialAction":[{"@type":"SearchAction","target":{"@type":"EntryPoint","urlTemplate":"https:\/\/dlsphysiodynamic.es\/?s={search_term_string}"},"query-input":{"@type":"PropertyValueSpecification","valueRequired":true,"valueName":"search_term_string"}}],"inLanguage":"en-GB"}]}},"_links":{"self":[{"href":"https:\/\/dlsphysiodynamic.es\/en\/wp-json\/wp\/v2\/pages\/219","targetHints":{"allow":["GET"]}}],"collection":[{"href":"https:\/\/dlsphysiodynamic.es\/en\/wp-json\/wp\/v2\/pages"}],"about":[{"href":"https:\/\/dlsphysiodynamic.es\/en\/wp-json\/wp\/v2\/types\/page"}],"author":[{"embeddable":true,"href":"https:\/\/dlsphysiodynamic.es\/en\/wp-json\/wp\/v2\/users\/1"}],"replies":[{"embeddable":true,"href":"https:\/\/dlsphysiodynamic.es\/en\/wp-json\/wp\/v2\/comments?post=219"}],"version-history":[{"count":3,"href":"https:\/\/dlsphysiodynamic.es\/en\/wp-json\/wp\/v2\/pages\/219\/revisions"}],"predecessor-version":[{"id":300,"href":"https:\/\/dlsphysiodynamic.es\/en\/wp-json\/wp\/v2\/pages\/219\/revisions\/300"}],"wp:attachment":[{"href":"https:\/\/dlsphysiodynamic.es\/en\/wp-json\/wp\/v2\/media?parent=219"}],"curies":[{"name":"wp","href":"https:\/\/api.w.org\/{rel}","templated":true}]}}